{"id":11256,"date":"2023-04-20T19:57:28","date_gmt":"2023-04-20T23:57:28","guid":{"rendered":"https:\/\/iicnewyork.esteri.it\/?page_id=11256"},"modified":"2025-11-26T11:47:55","modified_gmt":"2025-11-26T16:47:55","slug":"premi-e-concorsi","status":"publish","type":"page","link":"https:\/\/iicnewyork.esteri.it\/en\/gli_eventi\/archivio-eventi\/24929-2\/premi-e-concorsi\/","title":{"rendered":"Premi e concorsi"},"content":{"rendered":"<header class=\"entry-header\">\n<p class=\"entry-title h3\" style=\"text-align: justify;\"><strong>XXI Edizione del Premio New York<\/strong><\/p>\n<\/header>\n<p style=\"text-align: justify;\"><strong>I VINCITORI<\/strong><\/p>\n<p style=\"text-align: justify;\">In data 26 novembre 2025 sono resi noti i nomi delle\u00a0<strong>due artiste vincitrici della ventunesima edizione del\u00a0<\/strong><em><strong>Premio New York<\/strong><\/em><strong>: Binta Diaw (Cernusco sul Naviglio \u2013 MI, 1995) e Sara Ravelli (Crema \u2013 CR, 1993)<\/strong>. Le artiste trascorreranno cinque mesi a New York, da febbraio a giugno 2026, per sviluppare le capacit\u00e0 creative a contatto con l\u2019ambiente culturale e artistico degli Stati Uniti e in particolare di New York. Le vincitrici potranno inoltre partecipare alle attivit\u00e0 culturali organizzate dall\u2019Istituto Italiano di Cultura e dall\u2019Italian Academy e assistere, come uditrici, a lezioni di storia dell\u2019arte, teoria cinematografica, arti visive e architettura presso la Columbia University. Al termine del soggiorno, le artiste organizzeranno una mostra delle loro opere presso gli spazi espositivi della EFA \u2013 The Elizabeth Foundation for the Arts a Manhattan o presso altre istituzioni a Manhattan o Brooklyn.<\/p>\n<p style=\"text-align: justify;\">\n<p style=\"text-align: justify;\"><strong>Commissione selezionatrice<\/strong>:\u00a0<strong>Claudio Pagliara<\/strong>, Direttore IIC New York, con funzioni di Presidente;\u00a0<strong>Stefano Collicelli Cagol<\/strong>, Direttore del Centro per l\u2019Arte Contemporanea Luigi Pecci di Prato;\u00a0<strong>Giorgio Spanu<\/strong>, Collezionista e Co-founder di Magazzino ltalian Art;\u00a0<strong>Alexandra Unthank<\/strong>, Direttrice dell\u2019EFA Studio Program \u2013 The Elizabeth Foundation for the Arts;\u00a0<strong>Barbara Faedda<\/strong>, Executive Director dell\u2019Italian Academy for Advanced Studies at Columbia University.<\/p>\n<p style=\"text-align: justify;\">\n<p>&nbsp;<\/p>\n<p>&#8212;&#8212;&#8212;&#8212;&#8212;&#8212;&#8212;&#8212;&#8212;&#8212;&#8212;&#8212;&#8212;&#8212;&#8212;&#8212;&#8212;&#8212;&#8212;&#8212;&#8212;&#8212;&#8212;&#8212;&#8212;&#8212;&#8212;&#8212;&#8212;&#8211;<\/p>\n<div class=\"entry-content\">\n<p><strong>\u00c8<\/strong>\u00a0<strong>online il nuovo bando per la XXI Edizione del Premio New York!<\/strong><\/p>\n<p style=\"text-align: justify;\">Agli artisti vincitori del Premio \u00e8 offerta la possibilit\u00e0 di trascorrere un\u00a0periodo di\u00a0<strong>5 mesi a New York (1 febbraio \u2013 30 giugno 2026),<\/strong>\u00a0con l\u2019obiettivo di sviluppare le proprie capacit\u00e0 creative a contatto con l\u2019ambiente culturale e artistico degli Stati Uniti e, in particolare, di New York.<\/p>\n<p style=\"text-align: justify;\">Per partecipare al bando\u00a0\u00e8 necessario essere cittadini italiani e residenti in Italia, essere nati dopo il 31 dicembre 1990, avere un\u2019adeguata conoscenza della lingua inglese, operare nel settore delle arti visive e avere all\u2019attivo almeno una mostra personale.<\/p>\n<p style=\"text-align: justify;\"><strong>Trovate tutte le info e il bando qui:<\/strong>\u00a0<span style=\"color: #000000;\"><strong><a style=\"color: #000000;\" href=\"https:\/\/iicnewyork.esteri.it\/wp-content\/uploads\/2025\/07\/Bando-Premio-NY-2025.pdf\">Bando Premio NY 2025<\/a><\/strong><\/span><\/p>\n<p style=\"text-align: justify;\"><strong>Scadenza per l\u2019invio delle domande: 15 settembre 2025 ore 24.00 (ora italiana)<\/strong><\/p>\n<p style=\"text-align: justify;\">Il Premio New York \u00e8 promosso dalla Direzione Generale Creativit\u00e0 Contemporanea del Ministero della Cultura, dalla Direzione Generale per la Diplomazia Pubblica e Culturale del Ministero degli Affari Esteri e della Cooperazione Internazionale, dall\u2019Istituto Italiano di Cultura di New York, e dall\u2019Italian Academy for Advanced Studies of Columbia University.<\/p>\n<p><a href=\"https:\/\/iicnewyork.esteri.it\/wp-content\/uploads\/2025\/09\/Nomina-Commissione-PNY-09.25-rev-UnIC-22.09_Firmato.pdf\"><strong>COMMISSIONE<\/strong><\/a><\/p>\n<p>&nbsp;<\/p>\n<p><strong>***<\/strong><\/p>\n<p><strong>XX Edizione del Premio New York: ecco chi ha vinto<\/strong><\/p>\n<p>Siamo lieti di annunciare i nomi delle due artiste vincitrici della XX Edizione del Premio New York: si tratta di:<\/p>\n<p><strong>Adji Fatou Amdy Dieye<\/strong>\u00a0(Milano 1991)<\/p>\n<p><strong>Eleonora Luccarini<\/strong>\u00a0(Bologna 1993)<\/p>\n<p style=\"text-align: justify;\">Le artiste trascorreranno 5 mesi a New York, da febbraio a giugno 2025, per sviluppare le capacit\u00e0 creative a contatto con l\u2019ambiente culturale e artistico degli Stati Uniti e in particolare di New York. Le vincitrici potranno inoltre partecipare alle attivit\u00e0 culturali organizzate dall\u2019<em>Istituto Italiano di Cultura<\/em>\u00a0e dall\u2019<em>Italian Academy<\/em>\u00a0e assistere, come uditrici, a lezioni di storia dell\u2019arte, teoria cinematografica, arti visive e architettura presso la\u00a0<em>Columbia University<\/em>.<\/p>\n<p style=\"text-align: justify;\">Al termine del soggiorno, le artiste organizzeranno una mostra delle loro opere presso gli spazi espositivi de\u00a0<em>The Elizabeth Foundation for the Arts<\/em>\u00a0(EFA) a Manhattan, o presso altre Istituzioni a Manhattan o Brooklyn.<\/p>\n<p><strong>\u00a0<\/strong><\/p>\n<p><strong>Premio New York XX Edizione<\/strong><\/p>\n<p style=\"text-align: justify;\">La Direzione Generale per la Diplomazia Pubblica e Culturale del Ministero degli Affari Esteri e della Cooperazione Internazionale, la\u00a0Direzione Generale Creativit\u00e0 Contemporanea del Ministero della Cultura, l\u2019Istituto Italiano di Cultura a New York\u00a0e l\u2019Italian Academy for Advanced Studies in America presso la Columbia University di New York\u00a0lanciano in data 12 settembre 2024 il bando per la ventesima edizione del\u00a0<em>Premio New York<\/em>, un\u00a0programma di residenza riservato ad artisti italiani emergenti.<\/p>\n<p style=\"text-align: justify;\">Ai vincitori del Premio \u00e8 offerta la possibilit\u00e0 di trascorrere un\u00a0periodo di 5 mesi a New York (1 febbraio \u2013 30 giugno 2025), con l\u2019obiettivo di sviluppare le proprie capacit\u00e0 creative a contatto con l\u2019ambiente culturale e artistico degli Stati Uniti e, in particolare, di New York. Gli artisti prescelti possono\u00a0partecipare alle attivit\u00e0 culturali\u00a0organizzate dall\u2019Istituto Italiano di Cultura e dall\u2019Italian Academy e assistere, come auditori, presso la Columbia University, previa autorizzazione dell\u2019insegnante, a lezioni concernenti discipline quali la storia dell\u2019arte, la teoria cinematografica, le arti visive e l\u2019architettura.\u00a0Alla fine del soggiorno gli artisti\u00a0organizzano una mostra delle loro opere\u00a0presso gli spazi espositivi di EFA (Elizabeth Foundation of the Arts) a Manhattan o presso altre Istituzioni a Manhattan o Brooklyn.<\/p>\n<p style=\"text-align: justify;\">Per partecipare al bando\u00a0\u00e8 necessario essere cittadini italiani e residenti in Italia, essere nati dopo il 31 dicembre 1989, avere un\u2019adeguata conoscenza della lingua inglese, operare nel settore delle arti visive e avere all\u2019attivo almeno una mostra personale. Le borse di studio sono assegnate a giudizio insindacabile della Commissione.<\/p>\n<p>Scadenza delle domande:\u00a012 ottobre 2024 ore 24:00\u00a0(ora italiana)<\/p>\n<p>Per ulteriori informazioni, gli interessati possono inviare una mail a:<\/p>\n<p><strong><a href=\"mailto:premionewyork@gmail.com\">premionewyork@gmail.com<\/a><\/strong><\/p>\n<p><a href=\"https:\/\/iicnewyork.esteri.it\/wp-content\/uploads\/2024\/11\/PREMIO-NY-BANDO-2024_v2_10.09.24-003-003.pdf\">Bando<\/a><\/p>\n<p><a href=\"https:\/\/iicnewyork.esteri.it\/wp-content\/uploads\/2024\/11\/6421007Atto-Nomina-comm-Premio-New-York-1.pdf\">Commissione<\/a><\/p>\n<p>&nbsp;<\/p>\n<\/div>\n<h4><strong>***<\/strong><\/h4>\n<p><strong><span style=\"color: #ff0000;\">\u201cPREMIO PAGANINI\u201d 58TH INTERNATIONAL VIOLIN COMPETITION<\/span><\/strong><\/p>\n<p><strong>The Italian Cultural Institute in New York is one of the locations for the preselection<\/strong><br \/>\nThe deadline for this call is 11 February 2025 at 1:00 PM (Italian time \u2013 1PM CEST).<\/p>\n<h5><a href=\"https:\/\/iicnewyork.esteri.it\/wp-content\/uploads\/2024\/11\/Regulations-58-Premio-Paganini-eng.pdf\">REGULATIONS<\/a><\/h5>\n<p>The list of those admitted to the Preselection Stage will be published on the website <a href=\"http:\/\/www.premiopaganini.it\">www.premiopaganini.it<\/a> by 25 February 2025. The Preselection will be held in the months of April and May 2025.<\/p>\n<h5><strong>***<\/strong><\/h5>\n<h5><span style=\"color: #000000;\"><strong>PREMIO POESIA NEW YORK: \u201cITALIANI PER IL FUTURO\u201d 2024 | <\/strong><\/span><\/h5>\n<h4><a href=\"https:\/\/iicnewyork.esteri.it\/wp-content\/uploads\/2024\/04\/BANDO-POETRY-PRIZE-CALL-2024.pdf\"><strong>BANDO<\/strong><\/a><\/h4>\n<p>Le candidature possono essere presentate, entro il 31 ottobre 2024, a:<\/p>\n<p>Premio Poesia New York \/ New York Poetry Prize<br \/>\nIstituto Italiano di Cultura<br \/>\n686 Park Avenue<br \/>\nNew York, NY 10065<\/p>\n<p><strong>***<\/strong><\/p>\n<p><strong>CONCORSO \u201cBOOKTUBERPRIZE\u201d 2024,<\/strong> <a href=\"https:\/\/iicnewyork.esteri.it\/wp-content\/uploads\/2024\/03\/Regolamento-concorso-Booktuber-prize-2024-signed.pdf\">Regolamento-concorso-Booktuber-prize-2024-signed<\/a>. Scadenza per l\u2019invio degli elaborati ore 13:00, italiane, del 31 maggio 2024.<\/p>\n<p><strong>***<\/strong><\/p>\n<p><strong><span style=\"color: #ff0000;\">TRISTATE ITALIAN ART PRIZE<\/span><\/strong><\/p>\n<p><span style=\"color: #0000ff;\">ANNUNCIO VINCIT<\/span><span style=\"color: #0000ff;\">ORI\/VINCITRICI DELLA I EDIZIONE<\/span><\/p>\n<p>Rendiamo noti i nominativi dei vincitori della I edizione del Tristate Italian Art Prize, premio che mira a promuovere e riconoscere la creativit\u00e0 della comunit\u00e0 italiana e italo-americana nell\u2019area del Tristate:<\/p>\n<p>Matteo Callegari, Michael Marfione, Michela Martello, Verdiana Patacchini, Francesco Simeti, Erin Kyle Danna, Michele Simonetti .<\/p>\n<p>Come anticipato nel bando, il Premio d\u00e0 l&#8217;opportunit\u00e0 ai vincitori di esporre le loro opere presso i locali del Consolato Generale d&#8217;Italia e dell&#8217;Istituto Italiano di Cultura.<\/p>\n<p>La mostra in questione, che si inaugurer\u00e0 il prossimo 11 dicembre, sar\u00e0 di natura collettiva e coinvolger\u00e0 tutti i finalisti del premio con la curatela della Dott.ssa Chiara Mannarino.<\/p>\n<p><strong>***<\/strong><\/p>\n<p><a class=\"focus--mouse\" href=\"https:\/\/iicnewyork.esteri.it\/it\/gli_eventi\/calendario\/tristate-italian-art-prize-scadenza\/resource\/doc\/2023\/05\/tristate_italian_art_prize_-_proroga_termini_italiano.pdf\" target=\"_blank\" rel=\"noopener\" data-focus-mouse=\"true\"><strong>SCADENZA PROROGATA ALLE ORE 17:00 EST DEL 31 LUGLIO 2023.<\/strong><\/a><\/p>\n<p>Il Consolato Generale d\u2019Italia e l\u2019Istituto Italiano di Cultura di New York annunciano la prima edizione del concorso artistico<strong>TRISTATE ITALIAN ART PRIZE<\/strong><\/p>\n<p>Il Premio mira a promuovere e riconoscere la creativit\u00e0 della comunit\u00e0 italiana e italo-americana nell\u2019area del Tristate.<\/p>\n<p><a href=\"https:\/\/iicnewyork.esteri.it\/it\/gli_eventi\/calendario\/tristate-italian-art-prize-scadenza\/resource\/doc\/2023\/03\/tristate_italian_art_prize_english_3_22.pdf\" target=\"_blank\" rel=\"noopener\"><strong>Annuncio in inglese<\/strong><\/a><\/p>\n<p><a href=\"https:\/\/iicnewyork.esteri.it\/it\/gli_eventi\/calendario\/tristate-italian-art-prize-scadenza\/resource\/doc\/2023\/03\/tristate_italian_art_prize_italiano_3_22.pdf\" target=\"_blank\" rel=\"noopener\"><strong>Bando in italiano<\/strong><\/a><\/p>\n<p><a href=\"https:\/\/iicnewyork.esteri.it\/it\/gli_eventi\/calendario\/tristate-italian-art-prize-scadenza\/resource\/doc\/2023\/03\/autorizzazione_dati_personali.pdf\" target=\"_blank\" rel=\"noopener\"><strong>Autorizzazione al trattamento dei dati personali<\/strong><\/a><\/p>\n<p><strong>***<\/strong><\/p>\n<p><span style=\"color: #ff0000;\"><strong>PREMIO NEW YORK 2023 &#8211; Edizione 19<\/strong><\/span><\/p>\n<p><em>Scadenza delle domande: 14 agosto 2023 ore 24.00 (ora italiana)<\/em><\/p>\n<p style=\"text-align: justify;\">Dopo la necessaria sospensione dovuta alla pandemia da Covid-19, torna nel 2023 il Premio New York, il programma di residenza artistica riservato ad artisti italiani emergenti, promosso dalla Direzione Generale per la Diplomazia Pubblica e Culturale del Ministero degli Affari Esteri e della Cooperazione Internazionale, dalla Direzione Generale Creativit\u00e0 Contemporanea del Ministero della Cultura, dall\u2019Istituto Italiano di Cultura a New York e dall\u2019Italian Academy for Advanced Studies in America presso la Columbia University di New York.<\/p>\n<p style=\"text-align: justify;\">L\u2019iniziativa \u00e8 riservata ad artisti italiani emergenti (nati dopo il 31 dicembre 1988), con un\u2019adeguata conoscenza della lingua inglese, che operino nel settore delle arti visive e che abbiano all\u2019attivo almeno una mostra personale.<\/p>\n<p style=\"text-align: justify;\">Ai due vincitori \u2013 selezionati da una Commissione \u2013 verr\u00e0 offerta la possibilit\u00e0 di trascorrere un periodo di sei mesi a New York (gennaio \u2013 giugno 2024), al fine di sviluppare le proprie capacit\u00e0 creative a contatto con l\u2019ambiente culturale e artistico degli Stati Uniti e, in particolare, della Grande Mela. Oltre al biglietto aereo e ad un assegno mensile di 4.000 dollari (per vitto e alloggio), i due artisti potranno partecipare alle attivit\u00e0 culturali organizzate dall\u2019Istituto Italiano di Cultura e dall\u2019Italian Academy e assistere, come auditori, presso la Columbia University, previa autorizzazione dell\u2019insegnante, a lezioni concernenti discipline quali storia dell\u2019arte, teoria cinematografica, arti visive e architettura. Alla fine del soggiorno gli artisti organizzeranno una mostra delle loro opere presso gli spazi espositivi dell\u2019ISCP (International Studio &amp; Curatorial Program) a Brooklyn o presso altre Istituzioni a Manhattan.<\/p>\n<p><a href=\"https:\/\/iicnewyork.esteri.it\/wp-content\/uploads\/2023\/07\/premio_ny_bando_2023.doc\" target=\"_blank\" rel=\"noopener\">Premio New York \u2013 Bando Edizione 19\u00a0Premio New York \u2013 Bando Edizione 19\u00a0<\/a><\/p>\n<p><strong>***<\/strong><\/p>\n<p><span style=\"color: #ff0000;\"><strong>PREMIO POESIA NEW YORK: \u201cITALIANI PER IL FUTURO\u201d<\/strong><\/span><\/p>\n<p><a href=\"https:\/\/iicnewyork.esteri.it\/wp-content\/uploads\/2023\/08\/comunicato_stampa_premio_new_york_di_poesia_italiani_per_il_futuro.pdf\" target=\"_blank\" rel=\"noopener\"><strong>COMUNICATO STAMPA<\/strong><\/a><\/p>\n<p><strong><a href=\"https:\/\/iicnewyork.esteri.it\/wp-content\/uploads\/2023\/08\/comunicato_stampa_risultati_prima_edizione_premio_new_york_di_poesia.pdf\" target=\"_blank\" rel=\"noopener\">VINCITORI DEL PREMIO POESIA NEW YORK PRIMA EDIZIONE (2022)<\/a><\/strong><\/p>\n<p>L\u2019Istituto Italiano di Cultura di New York, insieme al John D. Calandra Italian American Institute del CUNY e al Consiglio Generale degli Italiani all\u2019Estero, annuncia un premio di poesia multilingue e multi-generazionale per residenti e cittadini degli Stati Uniti.<\/p>\n<p>Le poesie devono essere inviate entro il\u00a0<strong>15 ottobre 2022 (prorogato)<\/strong><\/p>\n<p><a href=\"https:\/\/iicnewyork.esteri.it\/wp-content\/uploads\/2023\/08\/bando_premio_new_york_di_poesia_italiani_per_il_futuro.pdf\" target=\"_blank\" rel=\"noopener\"><strong>BANDO<\/strong><\/a><\/p>\n<p><strong>***<\/strong><\/p>\n<ul>\n<li><span style=\"color: #ff0000;\"><strong>Premio di Studio &#8220;Elena Lucrezia Cornaro Piscopia&#8217;<\/strong><\/span><\/li>\n<\/ul>\n<p><strong><a href=\"https:\/\/www.alumniunipd.it\/cornaro\/\" target=\"_blank\" rel=\"noopener\">Bando di Concorso<\/a><\/strong>\u00a0del Premio di Studio &#8220;Elena Lucrezia Cornaro Piscopia&#8217; &#8211; Universit\u00e0 degli Studi di Padova -Quarta Edizione<\/p>\n<p>La domanda di partecipazione al concorso dovr\u00e0 essere presentata\u00a0<strong>entro<\/strong>\u00a0e non oltre\u00a0<strong>la data del<\/strong>\u00a0<strong>1\u00b0 aprile 2022.<\/strong><\/p>\n<p>La procedura di presentazione della domanda \u00e8 descritta nel bando e deve essere espletata a\u00a0<strong><a href=\"https:\/\/www.cognitoforms.com\/AssociazioneAlumniDellUniversit%C3%A0DegliStudiDiPadova\/domandadipartecipazionealbandodiconcorsoperlassegnazionedelpremiodistudiointitolatoaelenalucreziacornarop\" target=\"_blank\" rel=\"noopener\">questo link<\/a><\/strong>.<\/p>\n","protected":false},"excerpt":{"rendered":"XXI Edizione del Premio New York I VINCITORI In data 26 novembre 2025 sono resi noti i nomi delle\u00a0due artiste vincitrici della ventunesima edizione del\u00a0Premio New York: Binta Diaw (Cernusco sul Naviglio \u2013 MI, 1995) e Sara Ravelli (Crema \u2013 CR, 1993). Le artiste trascorreranno cinque mesi a New York, da febbraio a giugno 2026, [&hellip;]","protected":false},"author":6,"featured_media":0,"parent":24929,"menu_order":3,"comment_status":"closed","ping_status":"closed","template":"","meta":{"footnotes":""},"class_list":["post-11256","page","type-page","status-publish","hentry"],"_links":{"self":[{"href":"https:\/\/iicnewyork.esteri.it\/en\/wp-json\/wp\/v2\/pages\/11256","targetHints":{"allow":["GET"]}}],"collection":[{"href":"https:\/\/iicnewyork.esteri.it\/en\/wp-json\/wp\/v2\/pages"}],"about":[{"href":"https:\/\/iicnewyork.esteri.it\/en\/wp-json\/wp\/v2\/types\/page"}],"author":[{"embeddable":true,"href":"https:\/\/iicnewyork.esteri.it\/en\/wp-json\/wp\/v2\/users\/6"}],"replies":[{"embeddable":true,"href":"https:\/\/iicnewyork.esteri.it\/en\/wp-json\/wp\/v2\/comments?post=11256"}],"version-history":[{"count":7,"href":"https:\/\/iicnewyork.esteri.it\/en\/wp-json\/wp\/v2\/pages\/11256\/revisions"}],"predecessor-version":[{"id":30635,"href":"https:\/\/iicnewyork.esteri.it\/en\/wp-json\/wp\/v2\/pages\/11256\/revisions\/30635"}],"up":[{"embeddable":true,"href":"https:\/\/iicnewyork.esteri.it\/en\/wp-json\/wp\/v2\/pages\/24929"}],"wp:attachment":[{"href":"https:\/\/iicnewyork.esteri.it\/en\/wp-json\/wp\/v2\/media?parent=11256"}],"curies":[{"name":"wp","href":"https:\/\/api.w.org\/{rel}","templated":true}]}}