{"id":15,"date":"2023-03-24T21:59:25","date_gmt":"2023-03-24T20:59:25","guid":{"rendered":"https:\/\/iicnewyork.esteri.it\/?page_id=15"},"modified":"2025-09-30T11:39:21","modified_gmt":"2025-09-30T15:39:21","slug":"chi-siamo","status":"publish","type":"page","link":"https:\/\/iicnewyork.esteri.it\/it\/chi-siamo\/","title":{"rendered":"Chi siamo"},"content":{"rendered":"<h4><img loading=\"lazy\" decoding=\"async\" class=\"alignnone size-medium wp-image-23574 img-fluid\" src=\"https:\/\/iicnewyork.esteri.it\/wp-content\/uploads\/2025\/09\/Foto-Direttore-226x300.jpg\" alt=\"\" width=\"226\" height=\"300\" srcset=\"https:\/\/iicnewyork.esteri.it\/wp-content\/uploads\/2025\/09\/Foto-Direttore-226x300.jpg 226w, https:\/\/iicnewyork.esteri.it\/wp-content\/uploads\/2025\/09\/Foto-Direttore.jpg 408w\" sizes=\"auto, (max-width: 226px) 100vw, 226px\" \/><\/h4>\n<h4>Il saluto del nuovo Direttore dell&#8217;Istituto Italiano di Cultura di New York<br \/>\n<strong>Claudio Pagliara<\/strong><\/h4>\n<p><strong><a href=\"https:\/\/www.youtube.com\/shorts\/0LTkCsAPYHo\">Video messaggio di Claudio Pagliara, nuovo direttore dell\u2019Istituto<\/a><\/strong><\/p>\n<p>&nbsp;<\/p>\n<p>Care amiche e cari amici dell\u2019IIC di New York,<\/p>\n<p>con emozione assumo la guida di questa prestigiosa istituzione. Intendo farne la casa della cultura italiana, aperta a tutti coloro che la amano, italiani, italoamericani e americani. In un anno in cui la democrazia americana celebra il suo 250\u00b0 compleanno, la maggior parte delle iniziative saranno raccolte sotto l\u2019ombrello: \u201c<em>250 anni di amicizia\u201d<\/em>.<\/p>\n<p>La cultura \u00e8 sempre stata un ponte tra i due popoli e continua ad esserlo oggi.<\/p>\n<p>Per portare a termine questa missione, l\u2019Istituto \u2013 d\u2019intesa con l\u2019Ambasciata italiana a Washington e il Consolato Generale d\u2019Italia di New York \u2013 intende sviluppare la collaborazione con le grandi istituzioni culturali di questa citt\u00e0.<\/p>\n<p>Oltre a dare nuovo impulso alle attivit\u00e0 tradizionali, annuncio fin da subito alcune novit\u00e0.<\/p>\n<p>Aprir\u00f2 al pubblico la meravigliosa biblioteca dell\u2019Istituto \u2013 30 mila volumi \u2013 con due iniziative culturali:<\/p>\n<ul>\n<li>Un <em>book club<\/em>, per creare una comunit\u00e0 di italiani e americani amanti della letteratura italiana.<\/li>\n<li>Un <em>reading in Italian<\/em>, per i bambini e gli adolescenti che studiano in inglese e non vogliono perdere i contatti con la lingua di Dante.<\/li>\n<\/ul>\n<p>Promuover\u00f2 inoltre conferenze mensili con il titolo: <em>Il coraggio di sognare<\/em>. Scienziati e ricercatori italiani ci racconteranno i traguardi raggiunti e come sono riusciti a realizzare i loro sogni.<\/p>\n<p>Venendo da decenni di professione giornalistica, sar\u00f2 spesso in contatto con voi attraverso i miei social e quelli dell\u2019Istituto. Vi invito anche a <a href=\"https:\/\/visitor.r20.constantcontact.com\/manage\/optin?v=0010opz9yIv184gpBWE-MKs6VhlY6BeuJnFrdB08RnIUrdvH_WQpy1UJ8K7MYcIZdOKZ0IQHZ5qwX4fMEmC6N2k7JkaSi3d1lJfl7eBubfVFxfE7z81nckQLsyvm9Re2ZfSgkDXX3hdQgzST6qGh508cXawwNvRonvYT9ZxgRsY6Ad4UQGdhWDSEQ%3D%3D\">registrarvi nel sito<\/a> per ricevere la nostra newsletter, che dar\u00e0 conto anche delle principali iniziative di promozione della cultura italiana di altre organizzazioni. Intendo anche lanciare un podcast dal titolo &#8220;Zoom&#8221;.<\/p>\n<p><strong>Stay tuned, l\u2019Istituto apre le sue porte e vi aspetta!<\/strong><\/p>\n<p>&nbsp;<\/p>\n<p>&nbsp;<\/p>\n<p style=\"text-align: center;\"><strong>***\u00a0 \u00a0 \u00a0***<\/strong><\/p>\n<p style=\"text-align: justify;\">L&#8217;<strong>Istituto Italiano di Cultura di New York<\/strong> \u00e8 stato fondato nel 1961 dal Governo Italiano. La sua missione \u00e8 di promuovere la lingua e la cultura italiana negli Stati Uniti.<\/p>\n<p style=\"text-align: justify;\">Sotto la guida del\u00a0<strong>Ministero degli Affari Esteri,<\/strong>\u00a0del comitato consultivo, e del suo personale, l&#8217;Istituto Italiano di Cultura di New York promuove gli scambi culturali tra l&#8217;Italia e gli Stati Uniti, in una variet\u00e0 di settori, dalle arti alle discipline umanistiche alla scienza, e tecnologia.<\/p>\n<p style=\"text-align: justify;\">Al centro dell&#8217;attivit\u00e0 dell&#8217;Istituto Italiano di Cultura \u00e8 la sua collaborazione con le pi\u00f9 importanti istituzioni accademiche e culturali della costa orientale. Gli scambi scientifici, l&#8217;organizzazione e il sostegno a mostre di arti visive, i contributi per la traduzione e la pubblicazione di libri italiani, ispirano e alimentano le iniziative dell&#8217;Istituto.<\/p>\n<p style=\"text-align: justify;\">In particolare, ci concentriamo sul rapporto tra memoria e innovazione, le varie identit\u00e0 nella civilt\u00e0 italiana. L&#8217;Istituto Italiano di Cultura di New York, quindi, funge da \u201cfinestra\u201d sui principali aspetti culturali e sociali dell&#8217;Italia passata e attuale.<\/p>\n","protected":false},"excerpt":{"rendered":"Il saluto del nuovo Direttore dell&#8217;Istituto Italiano di Cultura di New York Claudio Pagliara Video messaggio di Claudio Pagliara, nuovo direttore dell\u2019Istituto &nbsp; Care amiche e cari amici dell\u2019IIC di New York, con emozione assumo la guida di questa prestigiosa istituzione. Intendo farne la casa della cultura italiana, aperta a tutti coloro che la amano, [&hellip;]","protected":false},"author":3,"featured_media":0,"parent":0,"menu_order":2,"comment_status":"closed","ping_status":"closed","template":"","meta":{"footnotes":""},"class_list":["post-15","page","type-page","status-publish","hentry"],"_links":{"self":[{"href":"https:\/\/iicnewyork.esteri.it\/it\/wp-json\/wp\/v2\/pages\/15","targetHints":{"allow":["GET"]}}],"collection":[{"href":"https:\/\/iicnewyork.esteri.it\/it\/wp-json\/wp\/v2\/pages"}],"about":[{"href":"https:\/\/iicnewyork.esteri.it\/it\/wp-json\/wp\/v2\/types\/page"}],"author":[{"embeddable":true,"href":"https:\/\/iicnewyork.esteri.it\/it\/wp-json\/wp\/v2\/users\/3"}],"replies":[{"embeddable":true,"href":"https:\/\/iicnewyork.esteri.it\/it\/wp-json\/wp\/v2\/comments?post=15"}],"version-history":[{"count":7,"href":"https:\/\/iicnewyork.esteri.it\/it\/wp-json\/wp\/v2\/pages\/15\/revisions"}],"predecessor-version":[{"id":24881,"href":"https:\/\/iicnewyork.esteri.it\/it\/wp-json\/wp\/v2\/pages\/15\/revisions\/24881"}],"wp:attachment":[{"href":"https:\/\/iicnewyork.esteri.it\/it\/wp-json\/wp\/v2\/media?parent=15"}],"curies":[{"name":"wp","href":"https:\/\/api.w.org\/{rel}","templated":true}]}}