{"id":324,"date":"2023-04-13T17:24:50","date_gmt":"2023-04-13T15:24:50","guid":{"rendered":"https:\/\/iicnewyork.esteri.it\/?page_id=324"},"modified":"2023-04-13T17:24:50","modified_gmt":"2023-04-13T15:24:50","slug":"lingua","status":"publish","type":"page","link":"https:\/\/iicnewyork.esteri.it\/it\/lingua-e-cultura\/biblioteca\/links\/litalia\/lingua\/","title":{"rendered":"Lingua"},"content":{"rendered":"<p><em><strong>Istituzioni<\/strong><\/em><\/p>\n<ul>\n<li><a title=\"Accademia della Crusca\" href=\"http:\/\/www.accademiadellacrusca.it\/\" target=\"_blank\" rel=\"noopener\">Accademia della Crusca<\/a><\/li>\n<li><a title=\"Societ\u00e0 Dante Alighieri\" href=\"http:\/\/www.soc-dante-alighieri.it\/\" target=\"_blank\" rel=\"noopener\">Societ\u00e0 Dante Alighieri<\/a><\/li>\n<li><a title=\"Societ\u00e0 di Linguistica Italiana\" href=\"http:\/\/www.societadilinguisticaitaliana.net\/\" target=\"_blank\" rel=\"noopener\">Societ\u00e0 di Linguistica Italiana<\/a><\/li>\n<li><a id=\"Societ\u00e0 Italiana di Glottologia\" href=\"http:\/\/www.glottologia.org\/\" target=\"_blank\" rel=\"noopener\" name=\"Societ\u00e0 Italiana di Glottologia\">Societ\u00e0 Italiana di Glottologia<\/a><\/li>\n<li><a title=\"Associazione degli Italianisti Italiani\" href=\"http:\/\/www.italianisti.it\/\" target=\"_blank\" rel=\"noopener\">Associazione degli Italianisti Italiani<\/a><\/li>\n<li><a title=\"Associazione Italiana di Linguistica Applicata\" href=\"http:\/\/www.aitla.unimo.it\/\" target=\"_blank\" rel=\"noopener\">Associazione Italiana di Linguistica Applicata<\/a><\/li>\n<li><a id=\"Associazione per la Storia \" title=\"Associazione per la Storia della Lingua Italiana\" href=\"http:\/\/www.accademiadellacrusca.it\/asli.shtml\" target=\"_blank\" rel=\"noopener\" name=\"Associazione per la Storia \">Associazione per la Storia della Lingua Italiana<\/a><\/li>\n<li><a id=\"Dipartimenti di italianistica\" href=\"http:\/\/www.italianlang.org\/faq-domande\/guida-ai-dipartimenti\" target=\"_blank\" rel=\"noopener\" name=\"Dipartimenti di italianistica\">Dipartimenti di Italianistica in Italia<\/a><\/li>\n<\/ul>\n<p><em><strong>Centri di Studio<\/strong><\/em><\/p>\n<ul>\n<li><a title=\"Lingua e Nuova Didattica\" href=\"http:\/\/www.lend.it\/\" target=\"_blank\" rel=\"noopener\">Lingua e Nuova Didattica<\/a><\/li>\n<li><a title=\"\" href=\"http:\/\/www.giscel.org\/\" target=\"_blank\" rel=\"noopener\">Gruppo di Intervento e Studio nel Campo dell&#8217;Educazione Linguistica<\/a><\/li>\n<\/ul>\n<p><em><strong>Riviste e portali<\/strong><\/em><\/p>\n<ul>\n<li><a title=\"Riviste di Linguistica e Glottodidattica \" href=\"http:\/\/www.lemonnier.it\/italianostranieri\/italianostranieri\/italiano\/riviste.html\" target=\"_blank\" rel=\"noopener\">Riviste di Linguistica e Glottodidattica<\/a><\/li>\n<li><a title=\"Didattica e Nuove Tecnologie\" href=\"http:\/\/www.dienneti.it\/risorse\/linguistica.htm\" target=\"_blank\" rel=\"noopener\">Didattica e Nuove Tecnologie<\/a><\/li>\n<li><a id=\"In.It Rivista on line\" href=\"http:\/\/www.initonline.it\/\" target=\"_blank\" rel=\"noopener\" name=\"In.It Rivista on line\">In.It Rivista on line<\/a><\/li>\n<\/ul>\n","protected":false},"excerpt":{"rendered":"Istituzioni Accademia della Crusca Societ\u00e0 Dante Alighieri Societ\u00e0 di Linguistica Italiana Societ\u00e0 Italiana di Glottologia Associazione degli Italianisti Italiani Associazione Italiana di Linguistica Applicata Associazione per la Storia della Lingua Italiana Dipartimenti di Italianistica in Italia Centri di Studio Lingua e Nuova Didattica Gruppo di Intervento e Studio nel Campo dell&#8217;Educazione Linguistica Riviste e portali [&hellip;]","protected":false},"author":5,"featured_media":0,"parent":302,"menu_order":3,"comment_status":"closed","ping_status":"closed","template":"","meta":{"footnotes":""},"class_list":["post-324","page","type-page","status-publish","hentry"],"_links":{"self":[{"href":"https:\/\/iicnewyork.esteri.it\/it\/wp-json\/wp\/v2\/pages\/324","targetHints":{"allow":["GET"]}}],"collection":[{"href":"https:\/\/iicnewyork.esteri.it\/it\/wp-json\/wp\/v2\/pages"}],"about":[{"href":"https:\/\/iicnewyork.esteri.it\/it\/wp-json\/wp\/v2\/types\/page"}],"author":[{"embeddable":true,"href":"https:\/\/iicnewyork.esteri.it\/it\/wp-json\/wp\/v2\/users\/5"}],"replies":[{"embeddable":true,"href":"https:\/\/iicnewyork.esteri.it\/it\/wp-json\/wp\/v2\/comments?post=324"}],"version-history":[{"count":1,"href":"https:\/\/iicnewyork.esteri.it\/it\/wp-json\/wp\/v2\/pages\/324\/revisions"}],"predecessor-version":[{"id":325,"href":"https:\/\/iicnewyork.esteri.it\/it\/wp-json\/wp\/v2\/pages\/324\/revisions\/325"}],"up":[{"embeddable":true,"href":"https:\/\/iicnewyork.esteri.it\/it\/wp-json\/wp\/v2\/pages\/302"}],"wp:attachment":[{"href":"https:\/\/iicnewyork.esteri.it\/it\/wp-json\/wp\/v2\/media?parent=324"}],"curies":[{"name":"wp","href":"https:\/\/api.w.org\/{rel}","templated":true}]}}