{"id":447,"date":"2023-04-20T19:57:28","date_gmt":"2023-04-20T17:57:28","guid":{"rendered":"https:\/\/iicnewyork.esteri.it\/?page_id=447"},"modified":"2025-11-26T11:52:48","modified_gmt":"2025-11-26T16:52:48","slug":"premi-e-concorsi","status":"publish","type":"page","link":"https:\/\/iicnewyork.esteri.it\/it\/gli_eventi\/archivio-eventi\/informativa-protezione-dati-personali\/premi-e-concorsi\/","title":{"rendered":"Premi e Concorsi"},"content":{"rendered":"<header class=\"entry-header\">\n<p class=\"entry-title h3\" style=\"text-align: justify;\"><strong>XXI Edizione del Premio New York<\/strong><\/p>\n<\/header>\n<p style=\"text-align: justify;\"><strong>I VINCITORI<\/strong><\/p>\n<p style=\"text-align: justify;\">In data 26 novembre 2025 sono resi noti i nomi delle\u00a0<strong>due artiste vincitrici della ventunesima edizione del\u00a0<\/strong><em><strong>Premio New York<\/strong><\/em><strong>: Binta Diaw (Cernusco sul Naviglio \u2013 MI, 1995) e Sara Ravelli (Crema \u2013 CR, 1993)<\/strong>. Le artiste trascorreranno cinque mesi a New York, da febbraio a giugno 2026, per sviluppare le capacit\u00e0 creative a contatto con l\u2019ambiente culturale e artistico degli Stati Uniti e in particolare di New York. Le vincitrici potranno inoltre partecipare alle attivit\u00e0 culturali organizzate dall\u2019Istituto Italiano di Cultura e dall\u2019Italian Academy e assistere, come uditrici, a lezioni di storia dell\u2019arte, teoria cinematografica, arti visive e architettura presso la Columbia University. Al termine del soggiorno, le artiste organizzeranno una mostra delle loro opere presso gli spazi espositivi della EFA \u2013 The Elizabeth Foundation for the Arts a Manhattan o presso altre istituzioni a Manhattan o Brooklyn.<\/p>\n<p style=\"text-align: justify;\"><strong>Commissione selezionatrice<\/strong>:\u00a0<strong>Claudio Pagliara<\/strong>, Direttore IIC New York, con funzioni di Presidente;\u00a0<strong>Stefano Collicelli Cagol<\/strong>, Direttore del Centro per l\u2019Arte Contemporanea Luigi Pecci di Prato;\u00a0<strong>Giorgio Spanu<\/strong>, Collezionista e Co-founder di Magazzino ltalian Art;\u00a0<strong>Alexandra Unthank<\/strong>, Direttrice dell\u2019EFA Studio Program \u2013 The Elizabeth Foundation for the Arts;\u00a0<strong>Barbara Faedda<\/strong>, Executive Director dell\u2019Italian Academy for Advanced Studies at Columbia University.<\/p>\n<p style=\"text-align: justify;\">&#8212;&#8212;&#8212;&#8212;&#8212;&#8212;&#8212;&#8212;&#8212;&#8212;&#8212;&#8212;&#8212;&#8212;&#8212;&#8212;&#8212;&#8212;&#8212;&#8212;&#8212;&#8212;&#8212;&#8212;&#8212;&#8212;&#8212;&#8212;&#8212;&#8211;<\/p>\n<p><strong>\u00c8 online il nuovo bando per la XXI Edizione del Premio New York!<\/strong><\/p>\n<p style=\"text-align: justify;\">Agli artisti vincitori del Premio \u00e8 offerta la possibilit\u00e0 di trascorrere un\u00a0periodo di <strong>5 mesi a New York (1 febbraio \u2013 30 giugno 2026),<\/strong> con l\u2019obiettivo di sviluppare le proprie capacit\u00e0 creative a contatto con l\u2019ambiente culturale e artistico degli Stati Uniti e, in particolare, di New York.<\/p>\n<p style=\"text-align: justify;\">Per partecipare al bando\u00a0\u00e8 necessario essere cittadini italiani e residenti in Italia, essere nati dopo il 31 dicembre 1990, avere un\u2019adeguata conoscenza della lingua inglese, operare nel settore delle arti visive e avere all\u2019attivo almeno una mostra personale.<\/p>\n<p style=\"text-align: justify;\"><strong>Trovate tutte le info e il bando qui:<\/strong> <a href=\"https:\/\/iicnewyork.esteri.it\/wp-content\/uploads\/2025\/07\/Bando-Premio-NY-2025.pdf\">Bando Premio NY 2025<\/a><\/p>\n<p style=\"text-align: justify;\"><strong>Scadenza per l&#8217;invio delle domande: 15 settembre 2025 ore 24.00 (ora italiana)<\/strong><\/p>\n<p style=\"text-align: justify;\">Il Premio New York \u00e8 promosso dalla Direzione Generale Creativit\u00e0 Contemporanea del Ministero della Cultura, dalla Direzione Generale per la Diplomazia Pubblica e Culturale del Ministero degli Affari Esteri e della Cooperazione Internazionale, dall\u2019Istituto Italiano di Cultura di New York, e dall\u2019Italian Academy for Advanced Studies of Columbia University.<\/p>\n<p><a href=\"https:\/\/iicnewyork.esteri.it\/wp-content\/uploads\/2025\/09\/Nomina-Commissione-PNY-09.25-rev-UnIC-22.09_Firmato.pdf\"><strong>COMMISSIONE<\/strong><\/a><\/p>\n<p><strong>***<\/strong><\/p>\n<p><strong>XX Edizione del Premio New York: ecco chi ha vinto<\/strong><\/p>\n<p>Siamo lieti di annunciare i nomi delle due artiste vincitrici della XX Edizione del Premio New York: si tratta di:<\/p>\n<p><strong>Adji Fatou Amdy Dieye<\/strong> (Milano 1991)<\/p>\n<p><strong>Eleonora Luccarini<\/strong> (Bologna 1993)<\/p>\n<p>Le artiste trascorreranno 5 mesi a New York, da febbraio a giugno 2025, per sviluppare le capacit\u00e0 creative a contatto con l\u2019ambiente culturale e artistico degli Stati Uniti e in particolare di New York. Le vincitrici potranno inoltre partecipare alle attivit\u00e0 culturali organizzate dall\u2019<em>Istituto Italiano di Cultura<\/em> e dall\u2019<em>Italian Academy<\/em> e assistere, come uditrici, a lezioni di storia dell\u2019arte, teoria cinematografica, arti visive e architettura presso la <em>Columbia University<\/em>.<\/p>\n<p>Al termine del soggiorno, le artiste organizzeranno una mostra delle loro opere presso gli spazi espositivi de <em>The Elizabeth Foundation for the Arts<\/em> (EFA) a Manhattan, o presso altre Istituzioni a Manhattan o Brooklyn.<\/p>\n<p><em>IIC New York, 25 novembre 2024<\/em><\/p>\n<p><strong>\u00a0<\/strong><\/p>\n<p><strong>Premio New York XX Edizione <\/strong><\/p>\n<p style=\"text-align: justify;\">La Direzione Generale per la Diplomazia Pubblica e Culturale del Ministero degli Affari Esteri e della Cooperazione Internazionale, la\u00a0Direzione Generale Creativit\u00e0 Contemporanea del Ministero della Cultura, l\u2019Istituto Italiano di Cultura a New York\u00a0e l\u2019Italian Academy for Advanced Studies in America presso la Columbia University di New York\u00a0lanciano in data 12 settembre 2024 il bando per la ventesima edizione del\u00a0<em>Premio New York<\/em>, un\u00a0programma di residenza riservato ad artisti italiani emergenti.<\/p>\n<p style=\"text-align: justify;\">Ai vincitori del Premio \u00e8 offerta la possibilit\u00e0 di trascorrere un\u00a0periodo di 5 mesi a New York (1 febbraio \u2013 30 giugno 2025), con l\u2019obiettivo di sviluppare le proprie capacit\u00e0 creative a contatto con l\u2019ambiente culturale e artistico degli Stati Uniti e, in particolare, di New York. Gli artisti prescelti possono\u00a0partecipare alle attivit\u00e0 culturali\u00a0organizzate dall\u2019Istituto Italiano di Cultura e dall\u2019Italian Academy e assistere, come auditori, presso la Columbia University, previa autorizzazione dell\u2019insegnante, a lezioni concernenti discipline quali la storia dell\u2019arte, la teoria cinematografica, le arti visive e l\u2019architettura.\u00a0Alla fine del soggiorno gli artisti\u00a0organizzano una mostra delle loro opere\u00a0presso gli spazi espositivi di EFA (Elizabeth Foundation of the Arts) a Manhattan o presso altre Istituzioni a Manhattan o Brooklyn.<\/p>\n<p style=\"text-align: justify;\">Per partecipare al bando\u00a0\u00e8 necessario essere cittadini italiani e residenti in Italia, essere nati dopo il 31 dicembre 1989, avere un\u2019adeguata conoscenza della lingua inglese, operare nel settore delle arti visive e avere all\u2019attivo almeno una mostra personale. Le borse di studio sono assegnate a giudizio insindacabile della Commissione.<\/p>\n<p>Scadenza delle domande:\u00a012 ottobre 2024 ore 24:00\u00a0(ora italiana)<\/p>\n<p>Per ulteriori informazioni, gli interessati possono inviare una mail a:<\/p>\n<p><strong><a href=\"mailto:premionewyork@gmail.com\">premionewyork@gmail.com<\/a><\/strong><\/p>\n<p>o visitare il sito\u00a0<a href=\"https:\/\/premionewyork.org\/\">PREMIO NEW YORK<\/a><\/p>\n<p><a href=\"https:\/\/iicnewyork.esteri.it\/wp-content\/uploads\/2024\/11\/PREMIO-NY-BANDO-2024_v2_10.09.24-003-003.pdf\">Bando<\/a><\/p>\n<p><a href=\"https:\/\/iicnewyork.esteri.it\/wp-content\/uploads\/2024\/11\/6421007Atto-Nomina-comm-Premio-New-York-1.pdf\">Commissione<\/a><\/p>\n<p>&nbsp;<\/p>\n<p><strong>***<\/strong><\/p>\n<p><span style=\"color: #000000;\">58\u00b0 CONCORSO INTERNAZIONALE DI VIOLINO \u201cPREMIO PAGANINI\u201d<\/span><\/p>\n<p>L&#8217; Istituto Italiano di Cultura \u00e8 tra le sedi di preselezione.<\/p>\n<p><a href=\"https:\/\/iicnewyork.esteri.it\/wp-content\/uploads\/2024\/11\/Bando-58-Premio-Paganini-ita.pdf\">BANDO<\/a><\/p>\n<p>Scadenza 11 febbraio 2025 alle ore 13:00 (ora italiana \u2013 1PM CEST).<br \/>\nL&#8217;elenco ammessi\/e alla fase di preselezione, organizzata in ragione del numero e della provenienza degli iscritti\/e, sar\u00e0 pubblicato sul sito <a href=\"http:\/\/www.premiopaganini.it\">www.premiopaganini.it<\/a> entro il 25 febbraio 2025.<br \/>\nLe preselezioni si svolgeranno tra i mesi di aprile e maggio 2025.<\/p>\n<p><strong>***<\/strong><\/p>\n<p>&nbsp;<\/p>\n<p><span style=\"color: #000000;\"><strong>PREMIO POESIA NEW YORK: \u201cITALIANI PER IL FUTURO\u201d 2024<\/strong><\/span><\/p>\n<p><a href=\"https:\/\/iicnewyork.esteri.it\/wp-content\/uploads\/2024\/04\/BANDO-POETRY-PRIZE-CALL-2024.pdf\"><strong>BANDO<\/strong><\/a><\/p>\n<p>Le candidature possono essere presentate, entro il 31 ottobre 2024, a:<\/p>\n<p>Premio Poesia New York \/ New York Poetry Prize<br \/>\nIstituto Italiano di Cultura<br \/>\n686 Park Avenue<br \/>\nNew York, NY 10065<\/p>\n<p><strong>***<\/strong><\/p>\n<p><span style=\"color: #000000;\">TRISTATE ITALIAN ART PRIZE<\/span><\/p>\n<p><span style=\"color: #0000ff;\">ANNUNCIO VINCIT<\/span><span style=\"color: #0000ff;\">ORI\/VINCITRICI DELLA I EDIZIONE<\/span><\/p>\n<p>Rendiamo noti i nominativi dei vincitori della I edizione del Tristate Italian Art Prize, premio che mira a promuovere e riconoscere la creativit\u00e0 della comunit\u00e0 italiana e italo-americana nell\u2019area del Tristate:<\/p>\n<p>Matteo Callegari, Michael Marfione, Michela Martello, Verdiana Patacchini, Francesco Simeti, Erin Kyle Danna, Michele Simonetti.<\/p>\n<p>Come anticipato nel bando, il Premio d\u00e0 l&#8217;opportunit\u00e0 ai vincitori di esporre le loro opere presso i locali del Consolato Generale d&#8217;Italia e dell&#8217;Istituto Italiano di Cultura.<\/p>\n<p>La mostra in questione, che si inaugurer\u00e0 il prossimo 11 dicembre, sar\u00e0 di natura collettiva e coinvolger\u00e0 tutti i finalisti del premio con la curatela della Dott.ssa Chiara Mannarino.<\/p>\n<p><strong>***<\/strong><\/p>\n<p><a class=\"focus--mouse\" href=\"https:\/\/iicnewyork.esteri.it\/it\/gli_eventi\/calendario\/tristate-italian-art-prize-scadenza\/resource\/doc\/2023\/05\/tristate_italian_art_prize_-_proroga_termini_italiano.pdf\" target=\"_blank\" rel=\"noopener\" data-focus-mouse=\"true\"><strong>SCADENZA PROROGATA ALLE ORE 17:00 EST DEL 31 LUGLIO 2023.<\/strong><\/a><\/p>\n<p>Il Consolato Generale d\u2019Italia e l\u2019Istituto Italiano di Cultura di New York annunciano la prima edizione del concorso artistico<strong>TRISTATE ITALIAN ART PRIZE<\/strong><\/p>\n<p>Il Premio mira a promuovere e riconoscere la creativit\u00e0 della comunit\u00e0 italiana e italo-americana nell\u2019area del Tristate.<\/p>\n<p><a href=\"https:\/\/iicnewyork.esteri.it\/it\/gli_eventi\/calendario\/tristate-italian-art-prize-scadenza\/resource\/doc\/2023\/03\/tristate_italian_art_prize_english_3_22.pdf\" target=\"_blank\" rel=\"noopener\"><strong>Annuncio in inglese<\/strong><\/a><\/p>\n<p><a href=\"https:\/\/iicnewyork.esteri.it\/it\/gli_eventi\/calendario\/tristate-italian-art-prize-scadenza\/resource\/doc\/2023\/03\/tristate_italian_art_prize_italiano_3_22.pdf\" target=\"_blank\" rel=\"noopener\"><strong>Bando in italiano<\/strong><\/a><\/p>\n<p><a href=\"https:\/\/iicnewyork.esteri.it\/it\/gli_eventi\/calendario\/tristate-italian-art-prize-scadenza\/resource\/doc\/2023\/03\/autorizzazione_dati_personali.pdf\" target=\"_blank\" rel=\"noopener\"><strong>Autorizzazione al trattamento dei dati personali<\/strong><\/a><\/p>\n<p>&nbsp;<\/p>\n<p><strong>***<\/strong><\/p>\n<p><span class=\"titoloNotizia\"><strong>Altri premi e concorsi<\/strong><\/span><\/p>\n<p><span class=\"titoloNotizia\"><br \/>\nArchitettura e design<\/span><\/p>\n<ul>\n<li><a href=\"http:\/\/www.architecturefilmaward.com\/\">Milano Design Film Festival e Architecture Film Award (Afa)<\/a>, scadenza 28 febbraio 2019<\/li>\n<li><a href=\"http:\/\/www.adi-design.org\/compasso-d-oro.html\" target=\"_blank\" rel=\"noopener\">Premio Compasso d&#8217;oro ADI &#8211; I Edizione Internazionale<\/a><\/li>\n<li><a href=\"http:\/\/www.triennale.it\/\" target=\"_blank\" rel=\"noopener\">La Triennale di Milano<\/a><\/li>\n<li><a href=\"http:\/\/www.assinform.it\/Bandi_Finanziamenti\/\" target=\"_blank\" rel=\"noopener\">Premio Imprese per l&#8217;Innovazione<\/a><\/li>\n<li><a href=\"http:\/\/www.inu.it\/progetti\/index.html\" target=\"_blank\" rel=\"noopener\">Premio INU<\/a><\/li>\n<li><a href=\"http:\/\/www.dedalominosse.org\/\" target=\"_blank\" rel=\"noopener\">Premio Internazionale Dedalo Minosse<\/a><\/li>\n<li><a href=\"http:\/\/web.unicam.it\/culturaurbana\/\" target=\"_blank\" rel=\"noopener\">Premio Internazionale di Architettura e Cultura Urbana &#8211; Camerino<\/a><\/li>\n<li><a title=\"Premio Carlo Scarpa per il giardino\" href=\"http:\/\/www.fbsr.it\/paesaggio\/premio-carlo-scarpa\/\" target=\"_blank\" rel=\"noopener\">Premio Internazionale Carlo Scarpa per il Giardino &#8211; Fondazione Benetton Studi<\/a><\/li>\n<li><a href=\"http:\/\/www.professionearchitetto.it\/concorsi\/index.asp\" target=\"_blank\" rel=\"noopener\">Ricerca concorsi e premiazioni di architettura<\/a><\/li>\n<\/ul>\n<p><span class=\"titoloNotizia\">Arte<\/span><\/p>\n<ul>\n<li><a href=\"http:\/\/stonecreekfarmart.com\/about.htm\">2018 Summer Residency &#8211; Art In and About Nature<\/a>\u00a0(scadenza 1 marzo 2018)<\/li>\n<li><a href=\"http:\/\/www.micfaenza.org\/it\/concorso-internazionale-premio-faenza\" target=\"_blank\" rel=\"noopener\">Concorso Internazionale della Ceramica d&#8217;Arte Contemporanea &#8211; Faenza<\/a><\/li>\n<li><a href=\"http:\/\/www.massenzioarte.it\/\" target=\"_blank\" rel=\"noopener\">Concorso Internazionale Premio Massenzio per l&#8217;Arte &#8211; Roma<\/a><\/li>\n<li><a href=\"http:\/\/www.fondazionezeri.unibo.it\/it\/formazione\/borse-di-studio\/index.html\" target=\"_blank\" rel=\"noopener\">Premio Federico Zeri<\/a><\/li>\n<li><a title=\"Premio Arte Laguna\" href=\"http:\/\/www.premioartelaguna.it\/\" target=\"_blank\" rel=\"noopener\">Premio Arte Laguna<\/a><\/li>\n<li><a title=\"click to open\" href=\"http:\/\/foto.expatclic.com\/\" target=\"_blank\" rel=\"noopener\">Concorso fotografico ExpatClic Italia<\/a><\/li>\n<\/ul>\n<p><span class=\"titoloNotizia\">Cinema<\/span>\u00a0\/ Fotografia<\/p>\n<ul>\n<li><a title=\"click to open\" href=\"http:\/\/www.museocivico.rovereto.tn.it\/rassegna\" target=\"_blank\" rel=\"noopener\">Rassegna Internazionale del Cinema Archeologico &#8211; Rovereto<\/a><\/li>\n<li><a href=\"http:\/\/www.oasisphotocontest.com\/\">Oasis Photo Contest<\/a><\/li>\n<li><a title=\"Expatclic Italia 2012\" href=\"http:\/\/www.expatclic.com\/index.php?option=com_content&amp;view=article&amp;id=3356:concorso-fotografico-donne-nel-mondo-immagini-di-donne-dai-nostri-paesi-daccoglienza&amp;catid=1014:la-fotografia-in-espatrio&amp;Itemid=171\">Concorso fotografico Expatclic Italia 2012<\/a><\/li>\n<\/ul>\n<p><span class=\"titoloNotizia\">Danza<\/span><\/p>\n<ul>\n<li><a title=\"Concorso Internazionale di Danza Citt\u00e0 di Spoleto\" href=\"http:\/\/www.settimanainternazionaledelladanza.it\/\">Concorso Internazionale di Danza Citt\u00e0 di Spoleto<\/a><\/li>\n<\/ul>\n<p><span class=\"titoloNotizia\">Letteratura<\/span><\/p>\n<ul>\n<li><a href=\"https:\/\/www.concorsiletterari.net\/\">Motore di ricerca per premi letterari<\/a><\/li>\n<li><a href=\"http:\/\/www.accademiapoesiarte.it\/?page_id=2106\">Premio Internazionale di Poesia e Arte Contemporanea Apollo Dionisiaco\u00a0<\/a>(scadenza 7 giugno 2019)<\/li>\n<li><a href=\"http:\/\/premiocittadicomo.it\/en\/aperto-ufficialmente-bando-della-v-edizione-del-premio-citta-como\/\">Premio Internazionale di Letteratura della Citta&#8217; di Como<\/a>\u00a0(scadenza 15 giugno 2018)<\/li>\n<li><a href=\"http:\/\/www.torinoggi.it\/2018\/06\/19\/leggi-notizia\/argomenti\/eventi-11\/articolo\/premio-per-gli-studi-storici-sul-piemonte-nell800-e-900-giovedi-i-vincitori.html\">Premio per gli Studi Storici sul Piemonte nell&#8217;Ottocento e Novecento\u00a0<\/a>(scadenza 15 giugno 2018)<\/li>\n<li><a href=\"http:\/\/premiocittadicomo.it\/\">Premio Internazionale di Letteratura della Citta&#8217; di Como<\/a>\u00a0(scadenza 15 giugno 2018)<\/li>\n<li><a href=\"http:\/\/www.premiflaiano.it\/\" target=\"_blank\" rel=\"noopener\">Premi Internazionali Flaiano &#8211; Pescara<\/a><\/li>\n<li><a href=\"http:\/\/www.premiocampiello.org\/\" target=\"_blank\" rel=\"noopener\">Premio Campiello Letteratura &#8211; Industriali del Veneto\u00a0<\/a>(scadenza 4 maggio 2018)<\/li>\n<li><a href=\"http:\/\/www.premiogvoz.altervista.org\/\" target=\"_blank\" rel=\"noopener\">Premio Letterario Citt\u00e0 di Arona (Novara)\u00a0<\/a>(scadenza 31 marzo 2018)<\/li>\n<li><a href=\"http:\/\/associazionelaguglia.webs.com\/poesia-senza-confine\">Premio Poesia Senza Confine 2018<\/a><\/li>\n<li><a href=\"http:\/\/www.associazioneculturalemalala.org\/regolamento-del-concorso-letterario\/\" target=\"_blank\" rel=\"noopener\">Concorso Letterario Internazionale &#8220;Citt\u00e0 di Treviglio&#8221;<\/a><\/li>\n<li><a href=\"http:\/\/www.associazionelaguglia.it\/\" target=\"_blank\" rel=\"noopener\">Premio &#8220;Poesia Senza Confine &#8221; 2017 XIV Edizione<\/a><\/li>\n<li><a href=\"http:\/\/centridiricerca.unicatt.it\/letitun-2017-premio-internazionale-eugenio-corti-2018\">Premio Internazionale Eugenio Corti<\/a><\/li>\n<li><a href=\"http:\/\/concorsiletterari.it\/concorso,6713,Premio%20Nazionale%20di%20Poesia%20%22L'arte%20in%20versi%22\">Premio Nazionale di Poesia &#8220;L&#8217;arte in versi&#8221;<\/a><\/li>\n<\/ul>\n<p>&nbsp;<\/p>\n<p><span class=\"titoloNotizia\">Musica<\/span><\/p>\n<ul>\n<li><a title=\"click to open\" href=\"http:\/\/www.promart.it\/index.php?tp=concorsi\" target=\"_blank\" rel=\"noopener\">Concorsi di Musica Classica &#8211; Motore di ricerca<\/a><\/li>\n<li>Teatro Regio di Parma,\u00a0<a href=\"http:\/\/www.teatroregioparma.it\/Pagine\/Default.aspx?idPagina=943\">56\u00b0 Concorso Internazionale Voci Verdiane Citt\u00e0 di Busseto<\/a><\/li>\n<li>Concorsi dell&#8217;Associazione Culturale Musicale Euterpe: 1)\u00a0<a href=\"http:\/\/www.concorsoeuterpe.it\/en\/piano-competition-rules.html\">concorso di esecuzione pianistica\u00a0<\/a>e 2)\u00a0<a href=\"http:\/\/www.concorsoeuterpe.it\/it\/regolamento-internazionale.html\">concorso di musica internazionale<\/a><\/li>\n<li><a href=\"http:\/\/www.studiomusicatreviso.it\/Concorso_Piano_2018\/piano_ITA.php\">10\u00b0 Concorso Pianistico Internazionale, Citta&#8217; di Treviso<\/a>\u00a0(scaduto)<\/li>\n<li><a href=\"http:\/\/studiverdiani.it\/rotary.html\">Bando di concorso XVIII Edizione, Premio Internazionale Rotary Club Parma \u201cGiuseppe Verdi<\/a>\u201d<\/li>\n<li><a href=\"http:\/\/www.nuovaconsonanza.it\/\" target=\"_blank\" rel=\"noopener\">Concorso Internazionale di Composizione Franco Evangelisti<\/a><\/li>\n<li><a href=\"http:\/\/eventi.comune.re.it\/eventi\/evento\/premio-paolo-borciani-xi-concorso-internazionale-per-quartetto-darchi\/\" target=\"_blank\" rel=\"noopener\">Concorso Internazionale per Quartetto d&#8217;Archi &#8220;Premio Paolo Borciani&#8221;\u00a0(Reggio Emilia)<\/a><\/li>\n<li><a href=\"https:\/\/www.enteconcerti.com\/\">Premio Internazionale di Pianoforte e Canto Lirico &#8216;Sardegna 2017&#8217;<\/a><\/li>\n<li><a title=\"Premio Lucio Dalla\" href=\"http:\/\/www.premioluciodalla.eu\/\">Premio Lucio Dalla<\/a><\/li>\n<\/ul>\n<p><span class=\"titoloNotizia\">Scienza<\/span><\/p>\n<ul>\n<li><a title=\"Pianeta Universitario\" href=\"http:\/\/www.pianetauniversitario.com\/index.php?option=com_content&amp;view=category&amp;layout=blog&amp;id=39&amp;Itemid=64\">Pianeta Universitario<\/a><\/li>\n<\/ul>\n<p><span class=\"titoloNotizia\">Studi Ricerche Saggi Traduzioni<\/span><\/p>\n<ul>\n<li><a href=\"http:\/\/www.silone.it\/premio\/bandi_concorso_tredicesima_edizione.htm\" target=\"_blank\" rel=\"noopener\">Premio Internazionale Ignazio Silone &#8211; Pescina (AQ)<\/a><\/li>\n<li><a href=\"http:\/\/www.certamenciceronianum.it\/\" target=\"_blank\" rel=\"noopener\">Certamen Ciceronianum Arpinas &#8211; Citt\u00e0 di Arpino<\/a><\/li>\n<li><a title=\"click to open premioclaudioaccardi.it\" href=\"http:\/\/www.premioclaudioaccardi.it\/\" target=\"_blank\" rel=\"noopener\">Premio giornalistico Claudio Accardi<\/a><\/li>\n<li><a title=\"Et\u00e0 e cultura del barocco \u2013 Fondazione 1563 della Compagnia di San Paolo, Torino\" href=\"http:\/\/www.fondazione1563.it\/it\/\">Et\u00e0 e cultura del barocco \u2013 Fondazione 1563 della Compagnia di San Paolo, Torino<\/a><\/li>\n<\/ul>\n<p><span class=\"titoloNotizia\">Teatro<\/span><\/p>\n<ul>\n<li><a href=\"http:\/\/www.ugobetti.it\/betti.htm\">Premio Ugo Betti per la drammaturgia &#8211; XVII edizione<\/a><\/li>\n<li><a href=\"http:\/\/www.comune.torino.it\/infogio\/lingue\/\" target=\"_blank\" rel=\"noopener\">Festival Studentesco Europeo di Teatro Plurilingue<\/a><\/li>\n<\/ul>\n<p><span class=\"titoloNotizia\">Varie<\/span><\/p>\n<ul>\n<li><a title=\"Concorsi e Premi SIAE\" href=\"http:\/\/www.siae.it\/concorsipremi.asp?view=1\">Concorsi e Premi SIAE<\/a><\/li>\n<li><a href=\"http:\/\/www.lifebeyondtourism.org\/magazine\/2875\/FIRST-PRIZE-1000%E2%82%AC---contest-of-Ideas-for-the-design-of-new-entrance-of-ICLAB-%28Intercultural-Creativity-Laboratory%29-\">Life Beyond Tourism<\/a><\/li>\n<li><a title=\"Prix Italia\" href=\"http:\/\/www.prixitalia.rai.it\/\">Prix Italia<\/a><\/li>\n<\/ul>\n<p>&nbsp;<\/p>\n<p>*** Si invita a verificare le date di scadenza direttamente con gli organizzatori ***<\/p>\n","protected":false},"excerpt":{"rendered":"XXI Edizione del Premio New York I VINCITORI In data 26 novembre 2025 sono resi noti i nomi delle\u00a0due artiste vincitrici della ventunesima edizione del\u00a0Premio New York: Binta Diaw (Cernusco sul Naviglio \u2013 MI, 1995) e Sara Ravelli (Crema \u2013 CR, 1993). Le artiste trascorreranno cinque mesi a New York, da febbraio a giugno 2026, [&hellip;]","protected":false},"author":5,"featured_media":0,"parent":484,"menu_order":3,"comment_status":"closed","ping_status":"closed","template":"","meta":{"footnotes":""},"class_list":["post-447","page","type-page","status-publish","hentry"],"_links":{"self":[{"href":"https:\/\/iicnewyork.esteri.it\/it\/wp-json\/wp\/v2\/pages\/447","targetHints":{"allow":["GET"]}}],"collection":[{"href":"https:\/\/iicnewyork.esteri.it\/it\/wp-json\/wp\/v2\/pages"}],"about":[{"href":"https:\/\/iicnewyork.esteri.it\/it\/wp-json\/wp\/v2\/types\/page"}],"author":[{"embeddable":true,"href":"https:\/\/iicnewyork.esteri.it\/it\/wp-json\/wp\/v2\/users\/5"}],"replies":[{"embeddable":true,"href":"https:\/\/iicnewyork.esteri.it\/it\/wp-json\/wp\/v2\/comments?post=447"}],"version-history":[{"count":11,"href":"https:\/\/iicnewyork.esteri.it\/it\/wp-json\/wp\/v2\/pages\/447\/revisions"}],"predecessor-version":[{"id":30636,"href":"https:\/\/iicnewyork.esteri.it\/it\/wp-json\/wp\/v2\/pages\/447\/revisions\/30636"}],"up":[{"embeddable":true,"href":"https:\/\/iicnewyork.esteri.it\/it\/wp-json\/wp\/v2\/pages\/484"}],"wp:attachment":[{"href":"https:\/\/iicnewyork.esteri.it\/it\/wp-json\/wp\/v2\/media?parent=447"}],"curies":[{"name":"wp","href":"https:\/\/api.w.org\/{rel}","templated":true}]}}