{"id":456,"date":"2023-04-21T15:03:07","date_gmt":"2023-04-21T13:03:07","guid":{"rendered":"https:\/\/iicnewyork.esteri.it\/?page_id=456"},"modified":"2025-09-18T10:37:08","modified_gmt":"2025-09-18T14:37:08","slug":"diventare-sponsor-dellistituto-italiano-di-cultura","status":"publish","type":"page","link":"https:\/\/iicnewyork.esteri.it\/it\/chi-siamo\/la-sede\/diventare-sponsor-dellistituto-italiano-di-cultura\/","title":{"rendered":"Diventare Sponsor Dell&#8217;Istituto Italiano di Cultura"},"content":{"rendered":"<p><a href=\"https:\/\/iicnewyork.esteri.it\/iic_newyork\/resource\/doc\/2022\/12\/avviso_sponsorizzazione_per_mostra_orgoglio_e_memoria_-_maggio-agosto_2023.pdf\" target=\"_blank\" rel=\"noopener\">\u00a0<strong>AVVISO PUBBLICO PER L\u2019OFFERTA DI SPONSORIZZAZIONE DELLA MOSTRA\u00a0\u201cORGOGLIO E MEMORIA\u201c.<\/strong><\/a><\/p>\n<p><strong>L\u2019immigrazione italiana nelle Americhe&#8221;\u00a0<\/strong><\/p>\n<p><strong>Organizzata dall\u2019 IIC che si terr\u00e0 presso l\u2019IIC di New York dal 28 giugno al 31 agosto2023.<\/strong><\/p>\n<p>&nbsp;<\/p>\n<p><a href=\"https:\/\/iicnewyork.esteri.it\/wp-content\/uploads\/2023\/04\/all._a_offerta_di_sponsorizzazione_mostra_orgoglio_e_memoria.doc\" target=\"_blank\" rel=\"noopener\"><strong>Allegato A\u00a0<\/strong><\/a><\/p>\n<p><a href=\"https:\/\/iicnewyork.esteri.it\/wp-content\/uploads\/2023\/04\/all._b_documento_unico_dei_requisiti_mostra_orgoglio_e_memoria.docx\" target=\"_blank\" rel=\"noopener\"><strong>Allegato B<\/strong><\/a><\/p>\n<p><a href=\"https:\/\/iicnewyork.esteri.it\/wp-content\/uploads\/2023\/04\/all.c_informativa_sulla_protezione_delle_persone_fisiche_mostra_orgoglio_e_memoria.docx\" target=\"_blank\" rel=\"noopener\"><strong>Allegato C <\/strong><\/a><\/p>\n<hr \/>\n<ul>\n<li><strong>L&#8217;Istituto Italiano di Cultura di New York seleziona sponsor per collaborazioni in occasione di eventi<\/strong><\/li>\n<\/ul>\n<p>L&#8217;Istituto Italiano di Cultura di New York, nell\u2019ambito delle attivit\u00e0 di promozione esterna realizza eventi artistico-culturali, promozionali e divulgativi di elevato profilo istituzionale. A tale scopo, questo Istituto di Cultura intende avvalersi della collaborazione e\/o sponsorizzazione da parte di soggetti pubblici o privati interessati che, dietro corrispettivo in denaro, desiderino promuovere la propria immagine.<br \/>\nIl bando di concorso per tali iniziative \u00e8 sempre aperto e pubblicato sul sito di questo Istituto Italiano di Cultura.<br \/>\nLe sponsorizzazioni, donazioni o altre liberalit\u00e0, come tutte le attivit\u00e0 della Pubblica Amministrazione, devono essere volte al perseguimento di un interesse pubblico (art.43 della Legge n.449\/1997). Gli sponsor riceveranno adeguata visibilit\u00e0 nella comunicazione esterna. Potranno inoltre utilizzare nelle proprie iniziative pubblicitarie l\u2019appellativo di \u201cSponsor dell&#8217;Istituto Italiano di Cultura di New York\u201d.<br \/>\nI soggetti interessati sono invitati a trasmettere una manifestazione di interesse al seguente indirizzo email:\u00a0<strong><a href=\"mailto:amm.iicnewyork@esteri.it\" target=\"_blank\" rel=\"noopener\">amm.iicnewyork@esteri.it<\/a><\/strong>\u00a0utilizzando l\u2019apposito formulario\u00a0<a href=\"https:\/\/iicnewyork.esteri.it\/wp-content\/uploads\/2023\/04\/modulo_sponsor.pdf\" target=\"_blank\" rel=\"noopener\"><strong>QUI<\/strong><\/a>\u00a0allegato.<\/p>\n<p>La manifestazione di interesse dovr\u00e0 riportare ogni elemento utile per identificare il soggetto, con specifica indicazione del settore di attivit\u00e0 di competenza. La presente comunicazione non impegna in alcun modo l\u2019Istituto, il quale si riserva di contattare gli interessati in occasione della programmazione degli eventi secondo le modalit\u00e0 sopra riportate. L&#8217;Istituto Italiano di Cultura si riserva di effettuare una selezione delle offerte di sponsorizzazione, secondo principi di trasparenza e imparzialit\u00e0, per evitare ogni conflitto di interesse tra attivit\u00e0 pubblica e privata, possibili danni all&#8217;immagine e alle iniziative dell&#8217;Istituto ovvero qualora reputi l&#8217;offerta inaccettabile per motivi di opportunit\u00e0 o contrariet\u00e0 alla legge italiana. In aggiunta a quanto sopra, l&#8217;Istituto si riserva la possibilit\u00e0 di pubblicare, qui di seguito, avvisi pubblici per la ricerca di sponsor in occasione di eventi specifici.<\/p>\n<p>&nbsp;<\/p>\n","protected":false},"excerpt":{"rendered":"\u00a0AVVISO PUBBLICO PER L\u2019OFFERTA DI SPONSORIZZAZIONE DELLA MOSTRA\u00a0\u201cORGOGLIO E MEMORIA\u201c. L\u2019immigrazione italiana nelle Americhe&#8221;\u00a0 Organizzata dall\u2019 IIC che si terr\u00e0 presso l\u2019IIC di New York dal 28 giugno al 31 agosto2023. &nbsp; Allegato A\u00a0 Allegato B Allegato C L&#8217;Istituto Italiano di Cultura di New York seleziona sponsor per collaborazioni in occasione di eventi L&#8217;Istituto Italiano [&hellip;]","protected":false},"author":5,"featured_media":0,"parent":58,"menu_order":4,"comment_status":"closed","ping_status":"closed","template":"","meta":{"footnotes":""},"class_list":["post-456","page","type-page","status-publish","hentry"],"_links":{"self":[{"href":"https:\/\/iicnewyork.esteri.it\/it\/wp-json\/wp\/v2\/pages\/456","targetHints":{"allow":["GET"]}}],"collection":[{"href":"https:\/\/iicnewyork.esteri.it\/it\/wp-json\/wp\/v2\/pages"}],"about":[{"href":"https:\/\/iicnewyork.esteri.it\/it\/wp-json\/wp\/v2\/types\/page"}],"author":[{"embeddable":true,"href":"https:\/\/iicnewyork.esteri.it\/it\/wp-json\/wp\/v2\/users\/5"}],"replies":[{"embeddable":true,"href":"https:\/\/iicnewyork.esteri.it\/it\/wp-json\/wp\/v2\/comments?post=456"}],"version-history":[{"count":2,"href":"https:\/\/iicnewyork.esteri.it\/it\/wp-json\/wp\/v2\/pages\/456\/revisions"}],"predecessor-version":[{"id":462,"href":"https:\/\/iicnewyork.esteri.it\/it\/wp-json\/wp\/v2\/pages\/456\/revisions\/462"}],"up":[{"embeddable":true,"href":"https:\/\/iicnewyork.esteri.it\/it\/wp-json\/wp\/v2\/pages\/58"}],"wp:attachment":[{"href":"https:\/\/iicnewyork.esteri.it\/it\/wp-json\/wp\/v2\/media?parent=456"}],"curies":[{"name":"wp","href":"https:\/\/api.w.org\/{rel}","templated":true}]}}