{"id":58,"date":"2023-03-24T22:58:56","date_gmt":"2023-03-24T21:58:56","guid":{"rendered":"https:\/\/iicnewyork.esteri.it\/?page_id=58"},"modified":"2025-09-10T14:47:22","modified_gmt":"2025-09-10T18:47:22","slug":"la-sede","status":"publish","type":"page","link":"https:\/\/iicnewyork.esteri.it\/it\/chi-siamo\/la-sede\/","title":{"rendered":"La Sede"},"content":{"rendered":"<p><strong>686 Park Avenue: La residenza di William e Frances Crocker Sloane<\/strong><\/p>\n<p style=\"text-align: justify;\">Situata nel cuore dell&#8217;Upper East Side di Manhattan, la residenza al 686 Park Avenue \u00e8 un esempio di eleganza e eccellenza architettonica di inizio XX secolo. Progettata dal rinomato studio <strong>Delano &amp; Aldrich<\/strong> in stile neo-federale\/coloniale, la villa di cinque piani fu costruita tra il 1916 e il 1919 per <strong>William Sloane<\/strong>, presidente della prestigiosa azienda di arredamento W. &amp; J. Sloane, e sua moglie, <strong>Frances Church Crocker Sloane<\/strong>.<\/p>\n<p>&nbsp;<\/p>\n<p><u>Il complesso architettonico storico<\/u><\/p>\n<p>Il 686 di Park Avenue \u00e8 uno dei quattro palazzi di importanza storica dell&#8217;isolato tra la 68esima e la 69esima Strada Est, noti nell\u2019insieme come <strong>Pyne-Davison Row<\/strong>. Questo tratto comprende:<\/p>\n<p>680 di Park Avenue \u2013 La Percy Rivington Pyne House, ora sede dell&#8217;Americas Society<\/p>\n<p>684 di Park Avenue \u2013 La Oliver D. Filley House, ora Queen Sof\u00eda Spanish Institute (chiuso)<\/p>\n<p>686 di Park Avenue \u2013 La William and Frances Crocker Sloane House, ora Istituto Italiano di Cultura<\/p>\n<p>690 di Park Avenue \u2013 La Henry P. Davison House, attualmente sede del Consolato Generale d&#8217;Italia<\/p>\n<p>Insieme, questi edifici costituiscono uno dei pochissimi esempi di architettura neo-federale e neo-georgiana sopravvissuti a New York. Il complesso \u00e8 stato designato New York City Landmark nel 1970 e aggiunto al National Register of Historic Places nel 1980.<\/p>\n<p>&nbsp;<\/p>\n<p><u>Dettagli architettonici e influenza inglese<\/u><\/p>\n<p style=\"text-align: justify;\">La Sloane House riflette sia lo stile americano che la sensibilit\u00e0 domestica britannica dell&#8217;epoca. Come molte delle grandi case a schiera in Inghilterra, la casa era dotata di una cucina nel seminterrato, consentendo alle funzioni di servizio di rimanere nascoste alla vista. Un sistema di montavivande fu installato per trasportare discretamente i pasti dalla cucina alla sala da pranzo formale al piano superiore, preservando cos\u00ec l&#8217;eleganza e la quiete che ci si aspetta dagli spazi di intrattenimento.<\/p>\n<p style=\"text-align: justify;\">La casa si sviluppa inoltre su cinque piani, un giardino interno e una terrazza, tutti elementi che contribuiscono alle sue proporzioni aggraziate e al lusso vivibile. La sua raffinata simmetria, i mattoni a vista e i dettagli classici incarnano gli ideali dello stile Colonial Revival.<\/p>\n<p>&nbsp;<\/p>\n<p><u>La famiglia Sloane<\/u><\/p>\n<p style=\"text-align: justify;\">William Sloane (1873\u20131922) laureato a Yale, era un uomo d&#8217;affari e leader civico. Come presidente della W. &amp; J. Sloane, guid\u00f2 l&#8217;azienda nei suoi anni pi\u00f9 influenti. Oltre alle sue attivit\u00e0 commerciali, fu profondamente impegnato nella filantropia: fu presidente del Presbyterian Hospital e del Northern Westchester Hospital e ricopr\u00ec posizioni dirigenziali in istituzioni come la YMCA, la New York Public Library e l&#8217;Archaeological Institute of America.<\/p>\n<p style=\"text-align: justify;\">Sua moglie, Frances Church Crocker Sloane (1877\u20131962), proveniva da un&#8217;importante famiglia di mercanti di ferro ed era ben nota nell&#8217;ambiente sociale di New York. La coppia si spos\u00f2 nel 1904 con una cerimonia solenne nella chiesa di San Bartolomeo e crebbe la famiglia nella casa che ora porta il loro nome.<\/p>\n<p>&nbsp;<\/p>\n<p><u>Successiva propriet\u00e0 ed eredit\u00e0 culturale<\/u><\/p>\n<p style=\"text-align: justify;\">Dopo la famiglia Sloane, la villa pass\u00f2 nelle mani di <strong>Thomas E. Murray<\/strong>, un ingegnere pioniere che contribu\u00ec alla costruzione della rete elettrica di New York e fu uno stretto collaboratore di Thomas Edison. La propriet\u00e0 di Murray aggiunse un ulteriore tassello alla notevole storia della dimora.<\/p>\n<p style=\"text-align: justify;\">Oggi, il 686 di Park Avenue ospita l&#8217;<strong>Istituto Italiano di Cultura<\/strong>, continuando la tradizione di scambi intellettuali e culturali tra le sue storiche mura.<\/p>\n<p>&nbsp;<\/p>\n","protected":false},"excerpt":{"rendered":"686 Park Avenue: La residenza di William e Frances Crocker Sloane Situata nel cuore dell&#8217;Upper East Side di Manhattan, la residenza al 686 Park Avenue \u00e8 un esempio di eleganza e eccellenza architettonica di inizio XX secolo. Progettata dal rinomato studio Delano &amp; Aldrich in stile neo-federale\/coloniale, la villa di cinque piani fu costruita tra [&hellip;]","protected":false},"author":3,"featured_media":0,"parent":15,"menu_order":2,"comment_status":"closed","ping_status":"closed","template":"","meta":{"footnotes":""},"class_list":["post-58","page","type-page","status-publish","hentry"],"_links":{"self":[{"href":"https:\/\/iicnewyork.esteri.it\/it\/wp-json\/wp\/v2\/pages\/58","targetHints":{"allow":["GET"]}}],"collection":[{"href":"https:\/\/iicnewyork.esteri.it\/it\/wp-json\/wp\/v2\/pages"}],"about":[{"href":"https:\/\/iicnewyork.esteri.it\/it\/wp-json\/wp\/v2\/types\/page"}],"author":[{"embeddable":true,"href":"https:\/\/iicnewyork.esteri.it\/it\/wp-json\/wp\/v2\/users\/3"}],"replies":[{"embeddable":true,"href":"https:\/\/iicnewyork.esteri.it\/it\/wp-json\/wp\/v2\/comments?post=58"}],"version-history":[{"count":4,"href":"https:\/\/iicnewyork.esteri.it\/it\/wp-json\/wp\/v2\/pages\/58\/revisions"}],"predecessor-version":[{"id":23788,"href":"https:\/\/iicnewyork.esteri.it\/it\/wp-json\/wp\/v2\/pages\/58\/revisions\/23788"}],"up":[{"embeddable":true,"href":"https:\/\/iicnewyork.esteri.it\/it\/wp-json\/wp\/v2\/pages\/15"}],"wp:attachment":[{"href":"https:\/\/iicnewyork.esteri.it\/it\/wp-json\/wp\/v2\/media?parent=58"}],"curies":[{"name":"wp","href":"https:\/\/api.w.org\/{rel}","templated":true}]}}