{"id":59,"date":"2023-03-24T23:00:01","date_gmt":"2023-03-24T22:00:01","guid":{"rendered":"https:\/\/iicnewyork.esteri.it\/?page_id=59"},"modified":"2026-02-03T13:09:32","modified_gmt":"2026-02-03T18:09:32","slug":"contatti","status":"publish","type":"page","link":"https:\/\/iicnewyork.esteri.it\/it\/chi-siamo\/contatti\/","title":{"rendered":"Contatti"},"content":{"rendered":"<p><strong>Istituto Italiano di Cultura di New York<\/strong><\/p>\n<p>686 Park Avenue<br \/>\nNew York, NY 10065 -USA<br \/>\ntel:\u00a0 +1 212-879-4242<\/p>\n<p>Email: <a href=\"mailto:iicnewyork@esteri.it\" target=\"_blank\" rel=\"noopener\">iicnewyork@esteri.it<\/a><\/p>\n<p>Orario di apertura: ore 9:30 &#8211; 16:30<\/p>\n<p>&nbsp;<\/p>\n<p style=\"text-align: center;\"><strong>Nel 2026 l\u2019Istituto rester\u00e0 chiuso nei seguenti giorni di festa:<\/strong><\/p>\n<table class=\"table\" align=\"center\">\n<tbody>\n<tr>\n<td>gioved\u00ec<\/td>\n<td>01<\/td>\n<td>gennaio<\/td>\n<td>Capodanno<\/td>\n<\/tr>\n<tr>\n<td>luned\u00ec<\/td>\n<td>16<\/td>\n<td>febbraio<\/td>\n<td>Presidents\u2019 Day<\/td>\n<\/tr>\n<tr>\n<td>luned\u00ec<\/td>\n<td>6<\/td>\n<td>aprile<\/td>\n<td>Luned\u00ec Dell\u2019Angelo<\/td>\n<\/tr>\n<tr>\n<td>luned\u00ec<\/td>\n<td>25<\/td>\n<td>maggio<\/td>\n<td>Memorial Day<\/td>\n<\/tr>\n<tr>\n<td>marted\u00ec<\/td>\n<td>02<\/td>\n<td>giugno<\/td>\n<td>Festa Della Repubblica<\/td>\n<\/tr>\n<tr>\n<td>sabato<\/td>\n<td>04<\/td>\n<td>luglio<\/td>\n<td>Independence Day<\/td>\n<\/tr>\n<tr>\n<td>luned\u00ec<\/td>\n<td>07<\/td>\n<td>settembre<\/td>\n<td>Labor Day<\/td>\n<\/tr>\n<tr>\n<td>luned\u00ec<\/td>\n<td>12<\/td>\n<td>ottobre<\/td>\n<td>Columbus Day<\/td>\n<\/tr>\n<tr>\n<td>gioved\u00ec<\/td>\n<td>26<\/td>\n<td>novembre<\/td>\n<td>Thanksgiving Day<\/td>\n<\/tr>\n<tr>\n<td>venerd\u00ec<\/td>\n<td>25<\/td>\n<td>dicembre<\/td>\n<td>Natale<\/td>\n<\/tr>\n<tr>\n<td>sabato<\/td>\n<td>26<\/td>\n<td>dicembre<\/td>\n<td>Santo Stefano<\/td>\n<\/tr>\n<\/tbody>\n<\/table>\n<p>&nbsp;<\/p>\n<p><strong>Come Raggiungerci<\/strong><\/p>\n<p><a href=\"https:\/\/www.google.com\/maps\/place\/Italian+Cultural+Institute\/@40.7690054,-73.9658634,15z\/data=!4m6!3m5!1s0x89c258ec73dbf4a9:0x90bd85a579ee7b58!8m2!3d40.7690054!4d-73.9658634!16s%2Fg%2F1tj2cxpb\" target=\"_blank\" rel=\"noopener\"><img loading=\"lazy\" decoding=\"async\" class=\"alignnone size-medium wp-image-76 img-fluid\" src=\"https:\/\/iicnewyork.esteri.it\/wp-content\/uploads\/2023\/03\/comeraggiungerci-iicnewyork-300x154.png\" alt=\"Come raggiungerci IICNewyork\" width=\"300\" height=\"154\" srcset=\"https:\/\/iicnewyork.esteri.it\/wp-content\/uploads\/2023\/03\/comeraggiungerci-iicnewyork-300x154.png 300w, https:\/\/iicnewyork.esteri.it\/wp-content\/uploads\/2023\/03\/comeraggiungerci-iicnewyork-768x394.png 768w, https:\/\/iicnewyork.esteri.it\/wp-content\/uploads\/2023\/03\/comeraggiungerci-iicnewyork.png 896w\" sizes=\"auto, (max-width: 300px) 100vw, 300px\" \/><\/a><\/p>\n<p>&nbsp;<\/p>\n","protected":false},"excerpt":{"rendered":"Istituto Italiano di Cultura di New York 686 Park Avenue New York, NY 10065 -USA tel:\u00a0 +1 212-879-4242 Email: iicnewyork@esteri.it Orario di apertura: ore 9:30 &#8211; 16:30 &nbsp; Nel 2026 l\u2019Istituto rester\u00e0 chiuso nei seguenti giorni di festa: gioved\u00ec 01 gennaio Capodanno luned\u00ec 16 febbraio Presidents\u2019 Day luned\u00ec 6 aprile Luned\u00ec Dell\u2019Angelo luned\u00ec 25 maggio [&hellip;]","protected":false},"author":3,"featured_media":0,"parent":15,"menu_order":6,"comment_status":"closed","ping_status":"closed","template":"","meta":{"footnotes":""},"class_list":["post-59","page","type-page","status-publish","hentry"],"_links":{"self":[{"href":"https:\/\/iicnewyork.esteri.it\/it\/wp-json\/wp\/v2\/pages\/59","targetHints":{"allow":["GET"]}}],"collection":[{"href":"https:\/\/iicnewyork.esteri.it\/it\/wp-json\/wp\/v2\/pages"}],"about":[{"href":"https:\/\/iicnewyork.esteri.it\/it\/wp-json\/wp\/v2\/types\/page"}],"author":[{"embeddable":true,"href":"https:\/\/iicnewyork.esteri.it\/it\/wp-json\/wp\/v2\/users\/3"}],"replies":[{"embeddable":true,"href":"https:\/\/iicnewyork.esteri.it\/it\/wp-json\/wp\/v2\/comments?post=59"}],"version-history":[{"count":8,"href":"https:\/\/iicnewyork.esteri.it\/it\/wp-json\/wp\/v2\/pages\/59\/revisions"}],"predecessor-version":[{"id":33567,"href":"https:\/\/iicnewyork.esteri.it\/it\/wp-json\/wp\/v2\/pages\/59\/revisions\/33567"}],"up":[{"embeddable":true,"href":"https:\/\/iicnewyork.esteri.it\/it\/wp-json\/wp\/v2\/pages\/15"}],"wp:attachment":[{"href":"https:\/\/iicnewyork.esteri.it\/it\/wp-json\/wp\/v2\/media?parent=59"}],"curies":[{"name":"wp","href":"https:\/\/api.w.org\/{rel}","templated":true}]}}