{"id":64,"date":"2023-03-24T23:31:39","date_gmt":"2023-03-24T22:31:39","guid":{"rendered":"https:\/\/iicnewyork.esteri.it\/?page_id=64"},"modified":"2026-03-25T10:49:14","modified_gmt":"2026-03-25T14:49:14","slug":"biblioteca","status":"publish","type":"page","link":"https:\/\/iicnewyork.esteri.it\/it\/lingua-e-cultura\/biblioteca\/","title":{"rendered":"Biblioteca"},"content":{"rendered":"<p><em>Ogni vita \u00e8 un\u2019enciclopedia, una biblioteca, un inventario di oggetti, un campionario di stili, dove tutto pu\u00f2 essere continuamente rimescolato e riordinato in tutti i modi possibili.<\/em>\u00a0~\u00a0Italo Calvino<\/p>\n<p><strong>La Biblioteca \u201cLorenzo Da Ponte\u201d<\/strong>\u00a0dell\u2019Istituto Italiano di Cultura raccoglie collezioni circolanti e da consultazione per il pubblico, studenti e ricercatori. La collezione \u00e8 costituita da pi\u00f9 di trentamila volumi.<\/p>\n<p>Le acquisizioni avvengono tramite l\u2019acquisto di recenti pubblicazioni, la dotazione da parte del Ministero degli Affari Esteri e della Cultura di speciali edizioni, contributi degli editori e donazioni di privati cittadini.<\/p>\n<p><strong>La nostra biblioteca \u00e8 accessibile al pubblico dal luned\u00ec al venerd\u00ec<\/strong>,\u00a0<strong>dalle 10:00 alle 15:00.<\/strong><\/p>\n<p><em>Per informazioni <\/em><br \/>\nSi prega di leggere attentamente i requisiti per l\u2019accesso. Per prenotazioni mandare un\u2019email a\u00a0<a href=\"mailto:iicnewyork@esteri.it\">iicnewyork@esteri.it<\/a>. Per ulteriori informazioni chiamare al numero (212) 879 4242.<\/p>\n<p>Gli utenti possono richiedere libri della collezione tramite l\u2019apposito <a href=\"https:\/\/iicnewyork.esteri.it\/wp-content\/uploads\/2026\/03\/ICI-book_loan_form.pdf\" target=\"_blank\" rel=\"noopener\"><strong>modulo<\/strong><\/a>\u00a0 oppure prenotando direttamente dalla <a href=\"https:\/\/iic.infoteca.it\/newyork\/ricerca\/avanzata\" target=\"_blank\" rel=\"noopener\"><strong>ricerca sul catalogo<\/strong><\/a>.<\/p>\n<p><em>Consultazione\u00a0e servizi al prestito<\/em><br \/>\nIl prestito di libri \u00e8 gratuito per tutti. I libri sono concessi in prestito, non pi\u00f9 di 3 contemporaneamente, per un massimo di 4 settimane.<\/p>\n<p>La restituzione del materiale in ritardo comporta l\u2019esclusione dal prestito per 6 mesi.<br \/>\nNell\u2019eventualit\u00e0 che il materiale concesso in prestito vada perso o danneggiato, l\u2019utente dovr\u00e0 rimborsare il valore del libro come riportato in copertina.<\/p>\n<p><a href=\"https:\/\/iic.infoteca.it\/newyork\/ricerca\/avanzata\" target=\"_blank\" rel=\"noopener\"><img loading=\"lazy\" decoding=\"async\" class=\" wp-image-39251 img-fluid alignnone\" src=\"https:\/\/iicnewyork.esteri.it\/wp-content\/uploads\/2026\/03\/ICONA-CATALOGO-1-262x300.png\" alt=\"\" width=\"426\" height=\"488\" srcset=\"https:\/\/iicnewyork.esteri.it\/wp-content\/uploads\/2026\/03\/ICONA-CATALOGO-1-262x300.png 262w, https:\/\/iicnewyork.esteri.it\/wp-content\/uploads\/2026\/03\/ICONA-CATALOGO-1.png 671w\" sizes=\"auto, (max-width: 426px) 100vw, 426px\" \/><\/a><\/p>\n<p>&nbsp;<\/p>\n","protected":false},"excerpt":{"rendered":"Ogni vita \u00e8 un\u2019enciclopedia, una biblioteca, un inventario di oggetti, un campionario di stili, dove tutto pu\u00f2 essere continuamente rimescolato e riordinato in tutti i modi possibili.\u00a0~\u00a0Italo Calvino La Biblioteca \u201cLorenzo Da Ponte\u201d\u00a0dell\u2019Istituto Italiano di Cultura raccoglie collezioni circolanti e da consultazione per il pubblico, studenti e ricercatori. La collezione \u00e8 costituita da pi\u00f9 di [&hellip;]","protected":false},"author":3,"featured_media":0,"parent":19,"menu_order":8,"comment_status":"closed","ping_status":"closed","template":"","meta":{"footnotes":""},"class_list":["post-64","page","type-page","status-publish","hentry"],"_links":{"self":[{"href":"https:\/\/iicnewyork.esteri.it\/it\/wp-json\/wp\/v2\/pages\/64","targetHints":{"allow":["GET"]}}],"collection":[{"href":"https:\/\/iicnewyork.esteri.it\/it\/wp-json\/wp\/v2\/pages"}],"about":[{"href":"https:\/\/iicnewyork.esteri.it\/it\/wp-json\/wp\/v2\/types\/page"}],"author":[{"embeddable":true,"href":"https:\/\/iicnewyork.esteri.it\/it\/wp-json\/wp\/v2\/users\/3"}],"replies":[{"embeddable":true,"href":"https:\/\/iicnewyork.esteri.it\/it\/wp-json\/wp\/v2\/comments?post=64"}],"version-history":[{"count":8,"href":"https:\/\/iicnewyork.esteri.it\/it\/wp-json\/wp\/v2\/pages\/64\/revisions"}],"predecessor-version":[{"id":39331,"href":"https:\/\/iicnewyork.esteri.it\/it\/wp-json\/wp\/v2\/pages\/64\/revisions\/39331"}],"up":[{"embeddable":true,"href":"https:\/\/iicnewyork.esteri.it\/it\/wp-json\/wp\/v2\/pages\/19"}],"wp:attachment":[{"href":"https:\/\/iicnewyork.esteri.it\/it\/wp-json\/wp\/v2\/media?parent=64"}],"curies":[{"name":"wp","href":"https:\/\/api.w.org\/{rel}","templated":true}]}}